{"id":5,"date":"2021-04-14T20:49:08","date_gmt":"2021-04-14T20:49:08","guid":{"rendered":"http:\/\/transfortransportes.com\/?page_id=3"},"modified":"2021-04-22T19:39:03","modified_gmt":"2021-04-22T19:39:03","slug":"politica-privacidad","status":"publish","type":"page","link":"https:\/\/transfortransportes.com\/index.php\/politica-privacidad\/","title":{"rendered":"Pol\u00edtica de Calidad"},"content":{"rendered":"\t\t<div data-elementor-type=\"wp-page\" data-elementor-id=\"5\" class=\"elementor elementor-5\" data-elementor-settings=\"[]\">\n\t\t\t\t\t\t<div class=\"elementor-inner\">\n\t\t\t\t\t\t\t<div class=\"elementor-section-wrap\">\n\t\t\t\t\t\t\t<section class=\"elementor-section elementor-top-section elementor-element elementor-element-7953e9f elementor-section-boxed elementor-section-height-default elementor-section-height-default\" data-id=\"7953e9f\" data-element_type=\"section\">\n\t\t\t\t\t\t<div class=\"elementor-container elementor-column-gap-default\">\n\t\t\t\t\t\t\t<div class=\"elementor-row\">\n\t\t\t\t\t<div class=\"aux-parallax-section elementor-column elementor-col-100 elementor-top-column elementor-element elementor-element-85bb971\" data-id=\"85bb971\" data-element_type=\"column\">\n\t\t\t<div class=\"elementor-column-wrap elementor-element-populated\">\n\t\t\t\t\t\t\t<div class=\"elementor-widget-wrap\">\n\t\t\t\t\t\t<div class=\"elementor-element elementor-element-71e6cc63 elementor-widget elementor-widget-text-editor\" data-id=\"71e6cc63\" data-element_type=\"widget\" data-widget_type=\"text-editor.default\">\n\t\t\t\t<div class=\"elementor-widget-container\">\n\t\t\t\t\t<div class=\"elementor-text-editor elementor-clearfix\"><p><!-- wp:heading --><\/p>\n<h2><b>POLITICA INTEGRAL DE CALIDAD, CONTROL Y SEGURIDAD<\/b><\/h2>\n<p><span style=\"font-weight: 400;\">Somos una empresa comprometida a mantener y mejorar continuamente nuestro sistema integrado de gesti\u00f3n de calidad control y seguridad mediante el cumplimiento de los requisitos legales y reglamentarios que la empresa&nbsp; suscribe para satisfacer&nbsp; las necesidades y requisitos de nuestros clientes&nbsp; como:&nbsp;<\/span><\/p>\n<ul>\n<li style=\"font-weight: 400;\" aria-level=\"1\"><span style=\"font-weight: 400;\">Prestar un servicio de transporte urbano y nacional de carga oportuno de calidad y libre de intervenciones il\u00edcitos de cualquier \u00edndole&nbsp; por lo que controlamos y monitoreamos peri\u00f3dicamente&nbsp; los riesgos existentes&nbsp; tanto en condiciones normales como de emergencia&nbsp;<\/span><\/li>\n<\/ul>\n<ul>\n<li style=\"font-weight: 400;\" aria-level=\"1\"><span style=\"font-weight: 400;\">Contamos con un equipo humano altamente calificado y competente<\/span><\/li>\n<\/ul>\n<ul>\n<li style=\"font-weight: 400;\" aria-level=\"1\"><span style=\"font-weight: 400;\">Proveedores confiables y una infraestructura adecuada que soporta nuestra operaci\u00f3n logrando as\u00ed un crecimiento real y sostenido&nbsp; basado en la optimizaci\u00f3n de beneficios&nbsp; <\/span><\/li>\n<\/ul>\n<p><!-- \/wp:paragraph --><\/p><\/div>\n\t\t\t\t<\/div>\n\t\t\t\t<\/div>\n\t\t\t\t\t\t<\/div>\n\t\t\t\t\t<\/div>\n\t\t<\/div>\n\t\t\t\t\t\t\t\t<\/div>\n\t\t\t\t\t<\/div>\n\t\t<\/section>\n\t\t\t\t\t\t<\/div>\n\t\t\t\t\t\t<\/div>\n\t\t\t\t\t<\/div>\n\t\t","protected":false},"excerpt":{"rendered":"<p>POLITICA INTEGRAL DE CALIDAD, CONTROL Y SEGURIDAD Somos una empresa comprometida a mantener y mejorar continuamente nuestro sistema integrado de gesti\u00f3n de calidad control y seguridad mediante el cumplimiento de los requisitos legales y reglamentarios que la empresa&nbsp; suscribe para satisfacer&nbsp; las necesidades y requisitos de nuestros clientes&nbsp; como:&nbsp; Prestar un servicio de transporte urbano [&hellip;]<\/p>\n","protected":false},"author":1,"featured_media":0,"parent":0,"menu_order":0,"comment_status":"closed","ping_status":"closed","template":"","meta":[],"aioseo_notices":[],"_links":{"self":[{"href":"https:\/\/transfortransportes.com\/index.php\/wp-json\/wp\/v2\/pages\/5"}],"collection":[{"href":"https:\/\/transfortransportes.com\/index.php\/wp-json\/wp\/v2\/pages"}],"about":[{"href":"https:\/\/transfortransportes.com\/index.php\/wp-json\/wp\/v2\/types\/page"}],"author":[{"embeddable":true,"href":"https:\/\/transfortransportes.com\/index.php\/wp-json\/wp\/v2\/users\/1"}],"replies":[{"embeddable":true,"href":"https:\/\/transfortransportes.com\/index.php\/wp-json\/wp\/v2\/comments?post=5"}],"version-history":[{"count":7,"href":"https:\/\/transfortransportes.com\/index.php\/wp-json\/wp\/v2\/pages\/5\/revisions"}],"predecessor-version":[{"id":701,"href":"https:\/\/transfortransportes.com\/index.php\/wp-json\/wp\/v2\/pages\/5\/revisions\/701"}],"wp:attachment":[{"href":"https:\/\/transfortransportes.com\/index.php\/wp-json\/wp\/v2\/media?parent=5"}],"curies":[{"name":"wp","href":"https:\/\/api.w.org\/{rel}","templated":true}]}}